{"id":3,"date":"2025-06-24T09:46:52","date_gmt":"2025-06-24T07:46:52","guid":{"rendered":"https:\/\/www.promatec.it\/?page_id=3"},"modified":"2026-03-30T13:49:43","modified_gmt":"2026-03-30T11:49:43","slug":"privacy-policy","status":"publish","type":"page","link":"https:\/\/www.promatec.it\/it\/privacy-policy\/","title":{"rendered":"Privacy Policy"},"content":{"rendered":"\t\t<div data-elementor-type=\"wp-page\" data-elementor-id=\"3\" class=\"elementor elementor-3\" data-elementor-post-type=\"page\">\n\t\t\t\t<div class=\"elementor-element elementor-element-e6ea20b e-flex e-con-boxed e-con e-parent\" data-id=\"e6ea20b\" data-element_type=\"container\" data-e-type=\"container\">\n\t\t\t\t\t<div class=\"e-con-inner\">\n\t\t\t\t<div class=\"elementor-element elementor-element-198dbeb font-60 elementor-widget elementor-widget-heading\" data-id=\"198dbeb\" data-element_type=\"widget\" data-e-type=\"widget\" data-widget_type=\"heading.default\">\n\t\t\t\t<div class=\"elementor-widget-container\">\n\t\t\t\t\t<h1 class=\"elementor-heading-title elementor-size-default\">Privacy Policy<\/h1>\t\t\t\t<\/div>\n\t\t\t\t<\/div>\n\t\t\t\t\t<\/div>\n\t\t\t\t<\/div>\n\t\t<div class=\"elementor-element elementor-element-e968121 e-flex e-con-boxed e-con e-parent\" data-id=\"e968121\" data-element_type=\"container\" data-e-type=\"container\">\n\t\t\t\t\t<div class=\"e-con-inner\">\n\t\t\t\t<div class=\"elementor-element elementor-element-52c3aa8c pagine-cms-legal elementor-widget elementor-widget-text-editor\" data-id=\"52c3aa8c\" data-element_type=\"widget\" data-e-type=\"widget\" data-widget_type=\"text-editor.default\">\n\t\t\t\t<div class=\"elementor-widget-container\">\n\t\t\t\t\t\t\t\t\t<p>INFORMATIVA<strong>\u00a0PRIVACY<\/strong><\/p>\n<p><strong>Promatec S.p.A.<\/strong>, C.F.\/P.I. 00747310159, con sede legale in Milano (MI,) in via Cernaia n. 4 e sede operativa in Albairate (MI), in via per Castelletto n. 3\/5, email info@promatec.it, pec: promatec@arubapec.it riconosce l\u2019importanza di mantenere la riservatezza, l\u2019integrit\u00e0 e la sicurezza dei Dati Personali.<\/p>\n<p>Informa pertanto che i Dati Personali da Lei forniti tramite questo Sito saranno trattati nel rispetto della vigente normativa europea in materia di privacy (Regolamento (UE) 2016\/679 &#8211; di seguito \u201c<strong>GPDR<\/strong>\u201d, d.lgs. 101\/2018).<\/p>\n<p>La presente informativa sui cookie \u00e8 relativa al sito www.promatec.it di propriet\u00e0 di; email\u00a0<a href=\"mailto:info@promatec.it\">info@promatec.it<\/a>\u00a0\u2013 pec: promatec@arubapec.it\u00a0<\/p>\n<p>Eventuali ulteriori informazioni potranno essere richieste scrivendo all\u2019indirizzo:\u00a0<a href=\"mailto:privacy@promatec.it\">privacy@promatec.it<\/a><\/p>\n<p><strong>1) Tipologia e fonte dei dati<\/strong><\/p>\n<p><strong>Dati di navigazione e tempi di conservazione &#8211; dati acquisiti dai log di sistema e sicurezza<\/strong><\/p>\n<p>Il presente sito, durante le visite degli utenti, acquisisce automaticamente delle informazioni attraverso LOG di sistema e log di sicurezza.<\/p>\n<p>Le informazioni raccolte potrebbero essere le seguenti:<\/p>\n<ul>\n<li>orario e data della visita;<\/li>\n<li>indirizzo IP e nome del provider di provenienza;<\/li>\n<li>registrazioni di errori e problemi.<\/li>\n<\/ul>\n<p>Tutti questi dati, raccolti in forma aggregata, vengono utilizzati solo a supporto della diagnostica a fini per la sicurezza. Esempio: in caso di attacco i log vengono monitorati per bloccare gli accessi non autorizzati e per impedire attivit\u00e0 dannose.<\/p>\n<p>L\u2019accesso a questi dati \u00e8 solo a livello di amministrazione di server e non sono mai utilizzati per l\u2019identificazione o la profilazione dell\u2019utente\/visitatore ma solo acquisiti per la tutela e sicurezza di questo sito, salvo quanto previsto infra (Dati personali raccolti in modo automatizzato) e previo esplicito consenso Potrebbero essere utilizzati solo in caso di reato, e solo su richiesta dell\u2019autorit\u00e0 giudiziaria nei casi previsti dalla Legge.<\/p>\n<p>I dati di LOG raccolti dal sito sono trattati presso la sede del Titolare del Trattamento, e presso il datacenter del web Hosting.<\/p>\n<p>Il web hosting \u00e8 responsabile del trattamento dei dati \u00e8 Google Cloud Italy ed elabora i dati solo su richiesta esplicita del titolare e agisce in conformit\u00e0 alle normative europee.<\/p>\n<p>I dati utilizzati a fini di sicurezza sono conservati per 180 giorni.<\/p>\n<p><strong>Cookie<\/strong><br \/>Per assicurare il funzionamento del Sito e migliorare il servizio offerto, nel Sito vengono utilizzati cookie. I cookie sono piccoli file di testo che i siti visitati dall\u2019utente inviano al suo terminale (solitamente al browser), dove vengono memorizzati per essere poi ritrasmessi agli stessi siti alla successiva visita del medesimo utente. Per maggiori informazioni, conoscere tutti i cookie utilizzati sul Sito ed eventualmente disabilitarli e\/o negare il consenso si rinvia alla\u00a0<a href=\"https:\/\/www.promatec.it\/it\/cookie-policy\/\">cookie policy<\/a>.<\/p>\n<p><strong>Dati personali che l\u2019Interessato fornisce volontariamente<br \/><\/strong>Promatec S.p.A. raccoglier\u00e0 e tratter\u00e0 i Dati Personali, quali per esempio, nome e cognome, indirizzo postale e indirizzo email, da Lei direttamente e consapevolmente forniti tramite il Sito in occasione del Suo ordine di acquisto online e\/o della Sua registrazione al Sito e\/o al servizio di newsletter e\/o di una richiesta tramite la sezione Contattaci.\u00a0<\/p>\n<p>Precisiamo infine che l\u2019invio facoltativo, esplicito e volontario di posta elettronica tramite il Sito e\/o agli indirizzi indicati sul Sito comporter\u00e0 la successiva acquisizione del Suo indirizzo email, necessario per rispondere alle richieste, nonch\u00e9 degli eventuali altri dati personali inseriti nel messaggio inviato.<\/p>\n<p>Dati personali raccolti in modo automatizzato, base giuridica, trasferimento e tempi di conservazione<\/p>\n<p>Promatec S.p.A. utilizza Google Analytics 4 (GA4) e Google Signals per raccogliere dati aggiuntivi (quali ad es. numero visite, pagine pi\u00f9 visitate, tempo permanenza medio) sull\u2019uso del proprio sito e sul comportamento degli utenti al fine di migliorare le proprie analisi e campagne di marketing.<\/p>\n<p>Il trattamento dei dati \u00e8 basato sul consenso dell\u2019utente. Quando visiti il sito Promatec S.p.A. ti chieder\u00e0 di accettare l\u2019uso di cookie e il trattamento dei tuoi dati secondo quanto descritto nella presente privacy policy.\u00a0<\/p>\n<p>I dati raccolti tramite GA4 possono essere trasferiti e conservati su server situati nell\u2019Ue\/SEE e sono conservati per un periodo massimo di 26 mesi<\/p>\n<p><strong>2) Finalit\u00e0 del trattamento dei dati<\/strong><\/p>\n<ol>\n<li>a) per dare riscontro alle Sue richieste di informazioni e gestire il relativo rapporto;<\/li>\n<li>b) per evadere il Suo ordine di acquisto online e per svolgere tutte le attivit\u00e0 di gestione amministrativa e contabile del medesimo, nonch\u00e9 la spedizione dei prodotti, la gestione dei pagamenti, di eventuali contenziosi e la prevenzione di frodi, nonch\u00e9 in adempimento di tutti gli obblighi imposti dalle leggi vigenti.<\/li>\n<li>c) finalit\u00e0 di marketing: per contattarLa e\/o inviarLe (per email e\/o altre forme di comunicazione) messaggi informativi e promozionali, anche di natura commerciale, newsletter, materiale pubblicitario, cataloghi e inviti ad eventi, relativi a nostri prodotti e\/o servizi.<\/li>\n<\/ol>\n<p><strong>3) Modalit\u00e0 del trattamento<\/strong><\/p>\n<p><strong>4) Base giuridica del trattamento e natura del conferimento<\/strong><\/p>\n<p>Il trattamento dei Suoi dati per le finalit\u00e0 di cui alla lettera c) del paragrafo 2 sar\u00e0 condizionato al rilascio da parte Sua di un esplicito consenso. L\u2019eventuale rifiuto al rilascio del consenso non produrr\u00e0 altro effetto se non quello di non poter promuovere iniziative che potrebbero interessarLa n\u00e9 poterLe inviare informazioni di natura commerciale sui nostri prodotti o servizi.<\/p>\n<p><strong>5) Comunicazione, diffusione dei dati e trasferimento verso Paesi Terzi.<\/strong><\/p>\n<p>I Suoi Dati Personali verranno trattati soltanto da soggetti espressamente autorizzati da Promatec S.p.A. o che agiscono in qualit\u00e0 di Responsabili del Trattamento, per conto della stessa, e che hanno sottoscritto un apposito contratto che disciplina puntualmente i trattamenti loro affidati e gli obblighi in materia di protezione dei dati (a titolo esemplificativo, service provider, spedizionieri, tecnici che effettuano la manutenzione dei servizi informatici, societ\u00e0 di cui Promatec S.p.A. potr\u00e0 avvalersi per la realizzazione e\/o la gestione di campagne promozionali dei propri prodotti o servizi, ecc.).<\/p>\n<p>I Suoi Dati Personali non saranno oggetto di trasferimento verso Paesi terzi e non verranno mai diffusi dal Titolare, salvo quanto previsto nel paragrafo &#8220;Dati personali raccolti in modo automatizzato&#8221;.<\/p>\n<p><strong>6) Tempi di conservazione\u00a0<\/strong><\/p>\n<p>Salvo quanto previsto nel paragrafo &#8220;Dati personali raccolti in modo automatizzato&#8221;, i Suoi Dati Personali saranno trattati e conservati per il tempo necessario all\u2019esecuzione delle finalit\u00e0 per le quali sono stati raccolti, nel rispetto delle tempistiche previste dalla normativa vigente in materia di prescrizione, ovvero fino a quando Lei non revochi il consenso prestato per i trattamenti ove previsto.<\/p>\n<p><strong>7) Diritti dell\u2019interessato<\/strong><\/p>\n<p>Lei potr\u00e0 esercitare i diritti previsti dagli articoli da 15 a 21 GDPR e, in particolare, richiedere informazioni sull\u2019esistenza e le caratteristiche del trattamento dei dati personali, la rettifica e, la cancellazione degli stessi, ovvero la limitazione del trattamento, opporsi al trattamento e\/o richiedere la trasmissione dei Suoi dati personali ad altro titolare; inoltre, in ogni momento Le sar\u00e0 possibile revocare il consenso senza che ci\u00f2 pregiudichi la liceit\u00e0 del trattamento basata sul consenso prestato prima della revoca.<\/p>\n<p>Infine, nel caso in cui le Sue richieste di informazioni non abbiano determinato risposte soddisfacenti, Lei ha diritto di proporre reclamo presso l\u2019Autorit\u00e0 di Controllo.<\/p>\n<p>L\u2019Autorit\u00e0 di riferimento \u00e8 Il Garante per la Protezione dei dati personali:\u00a0<a href=\"http:\/\/www.garanteprivacy.it\/web\/guest\/home\/docweb\/-\/docweb-display\/docweb\/4535524\" rel=\"nofollow noopener\" target=\"_blank\">http:\/\/www.garanteprivacy.it\/web\/guest\/home\/docweb\/-\/docweb-display\/docweb\/4535524<\/a><\/p>\n<p><strong>INFORMATIVA PRIVACY NEWSLETTER<\/strong><\/p>\n<p><strong>1.Titolare del trattamento:<\/strong><br \/>Il Titolare del trattamento effettuato \u00e8 Promatec S.p.A. con sede legale in Milano (MI) via Cernaia n. 4 e sede operativa in Albairate (MI) via per Castelletto n. 3\/5.<\/p>\n<p>Eventuali richieste di informazioni e\/o chiarimenti circa il trattamento dei dati potranno essere richiesti inviando una mail al seguente indirizzo:\u00a0<a href=\"mailto:privacy@promatec.it\">privacy@promatec.it<\/a><\/p>\n<p><strong>2.Trattamenti effettuati e finalit\u00e0<\/strong><br \/>Il titolare del Trattamento desidera informarLa che i Suoi dati personali ed il Suoi indirizzo email saranno raccolti e trattati per le seguenti finalit\u00e0:<br \/>a) Iscrizione alla Newsletter gestita dal Titolare del trattamento allo scopo di promuovere i propri prodotti\/eventi\/servizi mediante informazioni commerciali, promozionali e pubblicitarie.<br \/>I trattamenti effettuati tramite l\u2019ausilio di strumenti cartacei \/informatici non prevedono l\u2019impiego di processi decisionali automatizzati.<\/p>\n<p><strong>3.Base giuridica del trattamento<\/strong><br \/>La base giuridica del trattamento \u00e8 il consenso al trattamento dei dati. Il conferimento dei dati infatti \u00e8 libero e facoltativo, ma necessario per il raggiungimento delle finalit\u00e0 di cui sopra. La mancata disponibilit\u00e0 degli stessi non permette l\u2019adempimento dei relativi obblighi da parte del Titolare. Il trattamento \u00e8 necessario per il perseguimento del legittimo interesse del Titolare del trattamento o di terzi.<\/p>\n<p><strong>4.Conferimento dei dati<\/strong><br \/>Il conferimento dei dati \u00e8 facoltativo, ma necessario per il raggiungimento delle finalit\u00e0 di cui sopra e la mancata disponibilit\u00e0 degli stessi non Le permette l\u2019adempimento dei relativi obblighi da parte del Titolare.<\/p>\n<p><strong>5.Comunicazione dei dati e ambito di diffusione<\/strong><br \/>I dati verranno trattati soltanto da soggetti espressamente autorizzati da Promatec S.p.A. o da aziende che agiscono in qualit\u00e0 di Responsabili del Trattamento, per conto del titolare medesimo, e che hanno sottoscritto un apposito contratto che disciplina puntualmente i trattamenti loro affidati e gli obblighi in materia di protezione dei dati (a titolo esemplificativo, societ\u00e0, imprese, consulenti di cui si avvale il titolare operanti nel settore informatico, di assistenza informatica, societ\u00e0 di hosting, webmarketing, provider esterno) ove necessarie per le finalit\u00e0 connesse alla presente informativa e non verranno mai diffusi, n\u00e8 trasferiti verso Paesi Terzi senza il consenso dell\u2019interessato. I suoi dati potranno essere comunicati alla Autorit\u00e0 competenti secondo i termini di legge.<\/p>\n<p><strong>6.Tempo di Conservazione<\/strong><br \/>L&#8217;iscrizione e il trattamento relativo sono ritenuti validi fino alla disiscrizione da parte dell&#8217;utente che \u00e8 possibile tramite link presente in ogni email. Qualora la frequenza di invio sia minore, almeno ogni 24 mesi verr\u00e0 inviata a tutti gli utenti una comunicazione di verifica, contenente il link di disiscrizione.<\/p>\n<p><strong>7.Diritti dell\u2019Interessato<\/strong><br \/>Le viene riconosciuto e garantito il pieno diritto a: chiedere al Titolare del trattamento l&#8217;accesso ai dati personali e la rettifica o la cancellazione degli stessi o la limitazione del trattamento che la riguardano o di opporsi al loro trattamento, oltre al diritto alla portabilit\u00e0 dei dati. Tale diritto pu\u00f2 essere esercitato inviando una mail a\u00a0<a href=\"mailto:privacy@promatec.it\">privacy@promatec.it<\/a><br \/>Inoltre il Titolare interromper\u00e0 il trattamento nel momento in cui pervenga da parte sua relativa richiesta.<\/p>\n<p><strong>8.Reclamo all\u2019autorit\u00e0 di controllo<\/strong><br \/>L\u2019interessato ha diritto a proporre reclamo presso l\u2019Autorit\u00e0 di Controllo nel caso in cui le proprie richieste di informazioni rivolte al Titolare non abbiano determinato risposte soddisfacenti.<br \/>L\u2019Autorit\u00e0 di riferimento \u00e8 Il Garante per la Protezione dei dati personali<br \/><a href=\"http:\/\/www.garanteprivacy.it\/web\/guest\/home\/docweb\/-\/docweb-display\/docweb\/4535524\" rel=\"nofollow noopener\" target=\"_blank\">http:\/\/www.garanteprivacy.it\/web\/guest\/home\/docweb\/-\/docweb-display\/docweb\/4535524<\/a><\/p>\t\t\t\t\t\t\t\t<\/div>\n\t\t\t\t<\/div>\n\t\t\t\t\t<\/div>\n\t\t\t\t<\/div>\n\t\t\t\t<\/div>\n\t\t","protected":false},"excerpt":{"rendered":"<p>Privacy Policy INFORMATIVA\u00a0PRIVACY Promatec S.p.A., C.F.\/P.I. 00747310159, con sede legale in Milano (MI,) in via Cernaia n. 4 e sede operativa in Albairate (MI), in via per Castelletto n. 3\/5, email info@promatec.it, pec: promatec@arubapec.it riconosce l\u2019importanza di mantenere la riservatezza, l\u2019integrit\u00e0 e la sicurezza dei Dati Personali. Informa pertanto che i Dati Personali da Lei [&hellip;]<\/p>\n","protected":false},"author":1,"featured_media":0,"parent":0,"menu_order":0,"comment_status":"closed","ping_status":"closed","template":"","meta":{"_acf_changed":false,"footnotes":""},"class_list":["post-3","page","type-page","status-publish","hentry"],"acf":[],"_links":{"self":[{"href":"https:\/\/www.promatec.it\/it\/wp-json\/wp\/v2\/pages\/3","targetHints":{"allow":["GET"]}}],"collection":[{"href":"https:\/\/www.promatec.it\/it\/wp-json\/wp\/v2\/pages"}],"about":[{"href":"https:\/\/www.promatec.it\/it\/wp-json\/wp\/v2\/types\/page"}],"author":[{"embeddable":true,"href":"https:\/\/www.promatec.it\/it\/wp-json\/wp\/v2\/users\/1"}],"replies":[{"embeddable":true,"href":"https:\/\/www.promatec.it\/it\/wp-json\/wp\/v2\/comments?post=3"}],"version-history":[{"count":15,"href":"https:\/\/www.promatec.it\/it\/wp-json\/wp\/v2\/pages\/3\/revisions"}],"predecessor-version":[{"id":3507,"href":"https:\/\/www.promatec.it\/it\/wp-json\/wp\/v2\/pages\/3\/revisions\/3507"}],"wp:attachment":[{"href":"https:\/\/www.promatec.it\/it\/wp-json\/wp\/v2\/media?parent=3"}],"curies":[{"name":"wp","href":"https:\/\/api.w.org\/{rel}","templated":true}]}}