{"id":4169,"date":"2026-02-05T12:25:19","date_gmt":"2026-02-05T11:25:19","guid":{"rendered":"https:\/\/www.promatec.it\/it\/?page_id=4169"},"modified":"2026-02-06T09:52:14","modified_gmt":"2026-02-06T08:52:14","slug":"dichiarazione-di-accessibilita","status":"publish","type":"page","link":"https:\/\/www.promatec.it\/it\/dichiarazione-di-accessibilita\/","title":{"rendered":"Dichiarazione di accessibilit\u00e0"},"content":{"rendered":"\t\t<div data-elementor-type=\"wp-page\" data-elementor-id=\"4169\" class=\"elementor elementor-4169\" data-elementor-post-type=\"page\">\n\t\t\t\t<div class=\"elementor-element elementor-element-e6ea20b e-flex e-con-boxed e-con e-parent\" data-id=\"e6ea20b\" data-element_type=\"container\" data-e-type=\"container\">\n\t\t\t\t\t<div class=\"e-con-inner\">\n\t\t\t\t<div class=\"elementor-element elementor-element-198dbeb font-60 elementor-widget elementor-widget-heading\" data-id=\"198dbeb\" data-element_type=\"widget\" data-e-type=\"widget\" data-widget_type=\"heading.default\">\n\t\t\t\t<div class=\"elementor-widget-container\">\n\t\t\t\t\t<h1 class=\"elementor-heading-title elementor-size-default\">Dichiarazione di accessibilit\u00e0<\/h1>\t\t\t\t<\/div>\n\t\t\t\t<\/div>\n\t\t\t\t\t<\/div>\n\t\t\t\t<\/div>\n\t\t<div class=\"elementor-element elementor-element-e968121 e-flex e-con-boxed e-con e-parent\" data-id=\"e968121\" data-element_type=\"container\" data-e-type=\"container\">\n\t\t\t\t\t<div class=\"e-con-inner\">\n\t\t\t\t<div class=\"elementor-element elementor-element-52c3aa8c pagine-cms-legal elementor-widget elementor-widget-text-editor\" data-id=\"52c3aa8c\" data-element_type=\"widget\" data-e-type=\"widget\" data-widget_type=\"text-editor.default\">\n\t\t\t\t<div class=\"elementor-widget-container\">\n\t\t\t\t\t\t\t\t\t<div class=\"p_desc\">\n<h3>Il nostro impegno per l\u2019accessibilit\u00e0 digitale<\/h3>\nSiamo costantemente impegnati a ottimizzare l\u2019accessibilit\u00e0 del sito\u00a0<a href=\"https:\/\/www.promatec.it\/it\/\"><span style=\"text-decoration: underline;\">https:\/\/www.promatec.it\/it\/<\/span><\/a>\u00a0al fine di migliorare l\u2019esperienza di navigazione da parte di tutti gli utenti, comprese le persone con disabilit\u00e0, anziane, con difficolt\u00e0 nello svolgimento di attivit\u00e0 quali la lettura, la scrittura, il calcolo e\/o con limitate competenze linguistiche.\nIl nostro obiettivo \u00e8 offrire un\u2019esperienza di navigazione agevole e inclusiva.\n<h3>Cosa stiamo facendo per migliorare l\u2019accessibilit\u00e0 digitale<\/h3>\nStiamo lavorando per rimuovere eventuali problemi di accessibilit\u00e0, svolgendo attivit\u00e0 di analisi e monitoraggio del livello di accessibilit\u00e0 con il supporto di\u00a0<span style=\"text-decoration: underline;\"><a href=\"https:\/\/yeahimpresasociale.it\/\" target=\"_blank\" rel=\"noopener nofollow\">Yeah!<\/a>,<\/span> una cooperativa sociale impegnata a promuovere l\u2019inclusione digitale e lavorativa delle persone con disabilit\u00e0.\n<h3>Dettaglio attivit\u00e0 svolte:<\/h3>\n<ul>\n \t<li>Analisi tecnica da parte di Web Accessibility Expert, basata sugli standard internazionali WCAG 2.1 del W3C<\/li>\n \t<li>User Test con la partecipazione di utenti con disabilit\u00e0<\/li>\n \t<li>Interventi migliorativi al codice sorgente del sito web<\/li>\n \t<li>Pubblicazione della \u201cDichiarazione di accessibilit\u00e0\u201d<\/li>\n<\/ul>\n<a href=\"https:\/\/www.promatec.it\/it\/wp-content\/uploads\/2026\/02\/Dichiarazione-di-accessibilita-sito-Promatec_IT.pdf\" target=\"_blank\" rel=\"noopener\"><span style=\"text-decoration: underline;\">Dichiarazione di Accessibilit\u00e0 2026<\/span><\/a>\n\n<\/div>\t\t\t\t\t\t\t\t<\/div>\n\t\t\t\t<\/div>\n\t\t\t\t\t<\/div>\n\t\t\t\t<\/div>\n\t\t\t\t<\/div>\n\t\t","protected":false},"excerpt":{"rendered":"<p>Dichiarazione di accessibilit\u00e0 Il nostro impegno per l\u2019accessibilit\u00e0 digitale Siamo costantemente impegnati a ottimizzare l\u2019accessibilit\u00e0 del sito\u00a0https:\/\/www.promatec.it\/it\/\u00a0al fine di migliorare l\u2019esperienza di navigazione da parte di tutti gli utenti, comprese le persone con disabilit\u00e0, anziane, con difficolt\u00e0 nello svolgimento di attivit\u00e0 quali la lettura, la scrittura, il calcolo e\/o con limitate competenze linguistiche. Il nostro [&hellip;]<\/p>\n","protected":false},"author":1,"featured_media":0,"parent":0,"menu_order":0,"comment_status":"closed","ping_status":"closed","template":"","meta":{"_acf_changed":false,"footnotes":""},"class_list":["post-4169","page","type-page","status-publish","hentry"],"acf":[],"_links":{"self":[{"href":"https:\/\/www.promatec.it\/it\/wp-json\/wp\/v2\/pages\/4169","targetHints":{"allow":["GET"]}}],"collection":[{"href":"https:\/\/www.promatec.it\/it\/wp-json\/wp\/v2\/pages"}],"about":[{"href":"https:\/\/www.promatec.it\/it\/wp-json\/wp\/v2\/types\/page"}],"author":[{"embeddable":true,"href":"https:\/\/www.promatec.it\/it\/wp-json\/wp\/v2\/users\/1"}],"replies":[{"embeddable":true,"href":"https:\/\/www.promatec.it\/it\/wp-json\/wp\/v2\/comments?post=4169"}],"version-history":[{"count":17,"href":"https:\/\/www.promatec.it\/it\/wp-json\/wp\/v2\/pages\/4169\/revisions"}],"predecessor-version":[{"id":4222,"href":"https:\/\/www.promatec.it\/it\/wp-json\/wp\/v2\/pages\/4169\/revisions\/4222"}],"wp:attachment":[{"href":"https:\/\/www.promatec.it\/it\/wp-json\/wp\/v2\/media?parent=4169"}],"curies":[{"name":"wp","href":"https:\/\/api.w.org\/{rel}","templated":true}]}}